{"id":62,"date":"2015-08-28T12:58:46","date_gmt":"2015-08-28T10:58:46","guid":{"rendered":"http:\/\/loca.toile-libre.org\/wordpress\/?page_id=62"},"modified":"2016-10-09T09:31:39","modified_gmt":"2016-10-09T07:31:39","slug":"les-nouvelles","status":"publish","type":"page","link":"https:\/\/loca-jeux.fr\/wordpress\/les-nouvelles\/","title":{"rendered":"Nouvelles"},"content":{"rendered":"<p><span style=\"color: #ffffff;\">.<\/span><br \/>\n<span style=\"color: #ffffff;\">Plu.<\/span><\/p>\n<p>Plus d&rsquo;actualit\u00e9s sur notre page Facebook :\u00a0<a href=\"https:\/\/www.facebook.com\/LOCA.blagnac\/\">https:\/\/www.facebook.com\/LOCA.blagnac\/<\/a><\/p>\n<p>&nbsp;<\/p>\n\n<!-- NOTE: If you need to make changes to this file, copy it to your current theme's main\n\tdirectory so your changes won't be overwritten when the plugin is upgraded. -->\n\n<!-- Post Wrap Start-->\n<div class=\"post hentry ivycat-post\">\n\n\t<!-- \tThis outputs the post TITLE -->\n\t<h2 class=\"entry-title\"><a href=\"https:\/\/loca-jeux.fr\/wordpress\/maintenant-suivez-nous-sur-facebook\/\">Maintenant suivez-nous sur Facebook<\/a><\/h2>\n\n\t<!-- \tThis outputs the post EXCERPT.  To display full content including images and html,\n\t\treplace the_excerpt(); with the_content();  below. -->\n\t<div class=\"entry-summary\">\n\t\t<p>A partir d&rsquo;aujourd&rsquo;hui, la plupart de nos actualit\u00e9s (soir\u00e9es, photos, \u00e9venements&#8230;) seront post\u00e9es directement sur notre page Facebook :\u00a0www.facebook.com\/LOCA.blagnac\/ Alors likez-nous \ud83d\ude42<\/p>\n<p> <a class=\"continue-reading-link\" href=\"https:\/\/loca-jeux.fr\/wordpress\/maintenant-suivez-nous-sur-facebook\/\"><span>Continue reading<\/span><i class=\"crycon-right-dir\"><\/i><\/a> <\/p>\n\t<\/div>\n\n\t<!--\tThis outputs the post META information -->\n\t<div class=\"entry-utility\">\n\t\t\t\t\t<span class=\"cat-links\">\n\t\t\t\t<span class=\"entry-utility-prep entry-utility-prep-cat-links\">Posted in<\/span> <a href=\"https:\/\/loca-jeux.fr\/wordpress\/category\/non-classe\/\" rel=\"tag\">Non class\u00e9<\/a>\t\t\t<\/span>\n\t\t\t<span class=\"meta-sep\">|<\/span>\n\t\t\t\t\t\t<span class=\"comments-link\">\n\t\t\t<a href=\"https:\/\/loca-jeux.fr\/wordpress\/maintenant-suivez-nous-sur-facebook\/#respond\">Leave a comment<\/a>\t\t<\/span>\n\t\t\t<\/div>\n<\/div>\n<!-- \/\/ Post Wrap End -->\n\n<!-- NOTE: If you need to make changes to this file, copy it to your current theme's main\n\tdirectory so your changes won't be overwritten when the plugin is upgraded. -->\n\n<!-- Post Wrap Start-->\n<div class=\"post hentry ivycat-post\">\n\n\t<!-- \tThis outputs the post TITLE -->\n\t<h2 class=\"entry-title\"><a href=\"https:\/\/loca-jeux.fr\/wordpress\/festival-blagnac-joue-inscription-des-benevoles\/\">Festival Blagnac Joue ! Inscription des b\u00e9n\u00e9voles<\/a><\/h2>\n\n\t<!-- \tThis outputs the post EXCERPT.  To display full content including images and html,\n\t\treplace the_excerpt(); with the_content();  below. -->\n\t<div class=\"entry-summary\">\n\t\t<p>Bonjour \u00e0 tous, Le 25 mars 2017 de 11h \u00e0 minuit aura lieu le 1er festival de jeux de soci\u00e9t\u00e9 de Blagnac : Blagnac joue ! A cette occasion nous avons besoin de b\u00e9n\u00e9voles, les repas du midi et du soir vous sont offerts. Si vous souhaitez nous aider, inscrivez-vous\u2026<\/p>\n<p> <a class=\"continue-reading-link\" href=\"https:\/\/loca-jeux.fr\/wordpress\/festival-blagnac-joue-inscription-des-benevoles\/\"><span>Continue reading<\/span><i class=\"crycon-right-dir\"><\/i><\/a> <\/p>\n\t<\/div>\n\n\t<!--\tThis outputs the post META information -->\n\t<div class=\"entry-utility\">\n\t\t\t\t\t<span class=\"cat-links\">\n\t\t\t\t<span class=\"entry-utility-prep entry-utility-prep-cat-links\">Posted in<\/span> <a href=\"https:\/\/loca-jeux.fr\/wordpress\/category\/vie-associative\/\" rel=\"tag\">Vie associative<\/a>\t\t\t<\/span>\n\t\t\t<span class=\"meta-sep\">|<\/span>\n\t\t\t\t\t\t<span class=\"comments-link\">\n\t\t\t<a href=\"https:\/\/loca-jeux.fr\/wordpress\/festival-blagnac-joue-inscription-des-benevoles\/#respond\">Leave a comment<\/a>\t\t<\/span>\n\t\t\t<\/div>\n<\/div>\n<!-- \/\/ Post Wrap End -->\n\n<!-- NOTE: If you need to make changes to this file, copy it to your current theme's main\n\tdirectory so your changes won't be overwritten when the plugin is upgraded. -->\n\n<!-- Post Wrap Start-->\n<div class=\"post hentry ivycat-post\">\n\n\t<!-- \tThis outputs the post TITLE -->\n\t<h2 class=\"entry-title\"><a href=\"https:\/\/loca-jeux.fr\/wordpress\/blagnac-joue-le-25-mars\/\">Blagnac Joue le 25 mars<\/a><\/h2>\n\n\t<!-- \tThis outputs the post EXCERPT.  To display full content including images and html,\n\t\treplace the_excerpt(); with the_content();  below. -->\n\t<div class=\"entry-summary\">\n\t\t<p>Le samedi 25 mars 2017 de 11h \u00e0 minuit \u00e0 la Salle des Ramiers de Blagnac, l\u2019association LOCA et la ludoth\u00e8que organisent le premier festival du jeu de la ville : Blagnac Joue ! Cette manifestation est organis\u00e9e en lien avec l\u2019ensemble des acteurs ludiques de la ville afin de\u2026<\/p>\n<p> <a class=\"continue-reading-link\" href=\"https:\/\/loca-jeux.fr\/wordpress\/blagnac-joue-le-25-mars\/\"><span>Continue reading<\/span><i class=\"crycon-right-dir\"><\/i><\/a> <\/p>\n\t<\/div>\n\n\t<!--\tThis outputs the post META information -->\n\t<div class=\"entry-utility\">\n\t\t\t\t\t<span class=\"cat-links\">\n\t\t\t\t<span class=\"entry-utility-prep entry-utility-prep-cat-links\">Posted in<\/span> <a href=\"https:\/\/loca-jeux.fr\/wordpress\/category\/non-classe\/\" rel=\"tag\">Non class\u00e9<\/a>\t\t\t<\/span>\n\t\t\t<span class=\"meta-sep\">|<\/span>\n\t\t\t\t\t\t<span class=\"comments-link\">\n\t\t\t<a href=\"https:\/\/loca-jeux.fr\/wordpress\/blagnac-joue-le-25-mars\/#respond\">Leave a comment<\/a>\t\t<\/span>\n\t\t\t<\/div>\n<\/div>\n<!-- \/\/ Post Wrap End -->\n\n<!-- NOTE: If you need to make changes to this file, copy it to your current theme's main\n\tdirectory so your changes won't be overwritten when the plugin is upgraded. -->\n\n<!-- Post Wrap Start-->\n<div class=\"post hentry ivycat-post\">\n\n\t<!-- \tThis outputs the post TITLE -->\n\t<h2 class=\"entry-title\"><a href=\"https:\/\/loca-jeux.fr\/wordpress\/suivez-nous-sur-facebook\/\">Suivez-nous sur Facebook<\/a><\/h2>\n\n\t<!-- \tThis outputs the post EXCERPT.  To display full content including images and html,\n\t\treplace the_excerpt(); with the_content();  below. -->\n\t<div class=\"entry-summary\">\n\t\t<p>Tout notre actualit\u00e9 (photos et programme des soir\u00e9es, participations aux \u00e9v\u00e9nements de la r\u00e9gion, nos animations sur Blagnac, &#8230;) sont sur notre page Facebook : https:\/\/www.facebook.com\/LOCA.blagnac\/ Et vous aurez aussi surement not\u00e9, qu&rsquo;on y est plus r\u00e9actif qu&rsquo;ici \ud83d\ude42<\/p>\n<p> <a class=\"continue-reading-link\" href=\"https:\/\/loca-jeux.fr\/wordpress\/suivez-nous-sur-facebook\/\"><span>Continue reading<\/span><i class=\"crycon-right-dir\"><\/i><\/a> <\/p>\n\t<\/div>\n\n\t<!--\tThis outputs the post META information -->\n\t<div class=\"entry-utility\">\n\t\t\t\t\t<span class=\"cat-links\">\n\t\t\t\t<span class=\"entry-utility-prep entry-utility-prep-cat-links\">Posted in<\/span> <a href=\"https:\/\/loca-jeux.fr\/wordpress\/category\/non-classe\/\" rel=\"tag\">Non class\u00e9<\/a>\t\t\t<\/span>\n\t\t\t<span class=\"meta-sep\">|<\/span>\n\t\t\t\t\t\t<span class=\"comments-link\">\n\t\t\t<a href=\"https:\/\/loca-jeux.fr\/wordpress\/suivez-nous-sur-facebook\/#respond\">Leave a comment<\/a>\t\t<\/span>\n\t\t\t<\/div>\n<\/div>\n<!-- \/\/ Post Wrap End -->\n\n<!-- NOTE: If you need to make changes to this file, copy it to your current theme's main\n\tdirectory so your changes won't be overwritten when the plugin is upgraded. -->\n\n<!-- Post Wrap Start-->\n<div class=\"post hentry ivycat-post\">\n\n\t<!-- \tThis outputs the post TITLE -->\n\t<h2 class=\"entry-title\"><a href=\"https:\/\/loca-jeux.fr\/wordpress\/ludique-et-pas-loin-avril-2016\/\">Ludique et pas loin &#8211; avril 2016<\/a><\/h2>\n\n\t<!-- \tThis outputs the post EXCERPT.  To display full content including images and html,\n\t\treplace the_excerpt(); with the_content();  below. -->\n\t<div class=\"entry-summary\">\n\t\t<p>Tous les dimanches : Apprentissage des jeux en animation permanente \u00e0 Joc-ere (Tournefeuille) Vendredi 1er &#8211; Dimanche 3 : WE jeux \u00e0 Peyregoux par Games Of Tarn Dimanche 3 : Terre de Jeu \u00e0 le Jeu en vaut la Candela (Toulouse, Rue Saint Nicolas) Vendredi 29 : d\u00e9but du festival\u2026<\/p>\n<p> <a class=\"continue-reading-link\" href=\"https:\/\/loca-jeux.fr\/wordpress\/ludique-et-pas-loin-avril-2016\/\"><span>Continue reading<\/span><i class=\"crycon-right-dir\"><\/i><\/a> <\/p>\n\t<\/div>\n\n\t<!--\tThis outputs the post META information -->\n\t<div class=\"entry-utility\">\n\t\t\t\t\t<span class=\"cat-links\">\n\t\t\t\t<span class=\"entry-utility-prep entry-utility-prep-cat-links\">Posted in<\/span> <a href=\"https:\/\/loca-jeux.fr\/wordpress\/category\/non-classe\/\" rel=\"tag\">Non class\u00e9<\/a>\t\t\t<\/span>\n\t\t\t<span class=\"meta-sep\">|<\/span>\n\t\t\t\t\t\t<span class=\"comments-link\">\n\t\t\t<a href=\"https:\/\/loca-jeux.fr\/wordpress\/ludique-et-pas-loin-avril-2016\/#respond\">Leave a comment<\/a>\t\t<\/span>\n\t\t\t<\/div>\n<\/div>\n<!-- \/\/ Post Wrap End -->\n\n<!-- NOTE: If you need to make changes to this file, copy it to your current theme's main\n\tdirectory so your changes won't be overwritten when the plugin is upgraded. -->\n\n<!-- Post Wrap Start-->\n<div class=\"post hentry ivycat-post\">\n\n\t<!-- \tThis outputs the post TITLE -->\n\t<h2 class=\"entry-title\"><a href=\"https:\/\/loca-jeux.fr\/wordpress\/ludique-et-pas-loin-mars-2016\/\">Ludique et pas loin &#8211; mars 2016<\/a><\/h2>\n\n\t<!-- \tThis outputs the post EXCERPT.  To display full content including images and html,\n\t\treplace the_excerpt(); with the_content();  below. -->\n\t<div class=\"entry-summary\">\n\t\t<p>Tous les dimanches : Apprentissage des jeux en animation permanente \u00e0 Joc-ere (Tournefeuille) Samedi 5 et Dimanche 6 : Festival du jeu de Fonbozard Vendredi 11 : soir\u00e9e jeux \u00e0 la ludoth\u00e8que de Blagnac de 18h30 \u00e0 22h30. Repas partag\u00e9. Inscription au 05.61.71.75.30 ou par mail Vendredi 18 : soir\u00e9e\u2026<\/p>\n<p> <a class=\"continue-reading-link\" href=\"https:\/\/loca-jeux.fr\/wordpress\/ludique-et-pas-loin-mars-2016\/\"><span>Continue reading<\/span><i class=\"crycon-right-dir\"><\/i><\/a> <\/p>\n\t<\/div>\n\n\t<!--\tThis outputs the post META information -->\n\t<div class=\"entry-utility\">\n\t\t\t\t\t<span class=\"cat-links\">\n\t\t\t\t<span class=\"entry-utility-prep entry-utility-prep-cat-links\">Posted in<\/span> <a href=\"https:\/\/loca-jeux.fr\/wordpress\/category\/non-classe\/\" rel=\"tag\">Non class\u00e9<\/a>\t\t\t<\/span>\n\t\t\t<span class=\"meta-sep\">|<\/span>\n\t\t\t\t\t\t<span class=\"comments-link\">\n\t\t\t<a href=\"https:\/\/loca-jeux.fr\/wordpress\/ludique-et-pas-loin-mars-2016\/#comments\">1 Comment<\/a>\t\t<\/span>\n\t\t\t<\/div>\n<\/div>\n<!-- \/\/ Post Wrap End -->\n\n<!-- NOTE: If you need to make changes to this file, copy it to your current theme's main\n\tdirectory so your changes won't be overwritten when the plugin is upgraded. -->\n\n<!-- Post Wrap Start-->\n<div class=\"post hentry ivycat-post\">\n\n\t<!-- \tThis outputs the post TITLE -->\n\t<h2 class=\"entry-title\"><a href=\"https:\/\/loca-jeux.fr\/wordpress\/ludique-et-pas-loin-fevrier-2016\/\">Ludique et pas loin &#8211; f\u00e9vrier 2016<\/a><\/h2>\n\n\t<!-- \tThis outputs the post EXCERPT.  To display full content including images and html,\n\t\treplace the_excerpt(); with the_content();  below. -->\n\t<div class=\"entry-summary\">\n\t\t<p>Alors que ce passe-t-il de ludique ce mois-ci dans la r\u00e9gion : Dimanche 7 F\u00e9vrier : Journ\u00e9e jeux \u00e0 L&rsquo;Isle Jourdain Dimanche 7 F\u00e9vrier : F\u00eate du jeu \u00e0 Ramonville Vendredi 12 F\u00e9vrier : Soir\u00e9e \u00e0 la ludoth\u00e8que de Rangueil Vendredi 12 -&gt; Dimanche 14 : La 37\u00e8me convention de\u2026<\/p>\n<p> <a class=\"continue-reading-link\" href=\"https:\/\/loca-jeux.fr\/wordpress\/ludique-et-pas-loin-fevrier-2016\/\"><span>Continue reading<\/span><i class=\"crycon-right-dir\"><\/i><\/a> <\/p>\n\t<\/div>\n\n\t<!--\tThis outputs the post META information -->\n\t<div class=\"entry-utility\">\n\t\t\t\t\t<span class=\"cat-links\">\n\t\t\t\t<span class=\"entry-utility-prep entry-utility-prep-cat-links\">Posted in<\/span> <a href=\"https:\/\/loca-jeux.fr\/wordpress\/category\/non-classe\/\" rel=\"tag\">Non class\u00e9<\/a>\t\t\t<\/span>\n\t\t\t<span class=\"meta-sep\">|<\/span>\n\t\t\t\t\t\t<span class=\"comments-link\">\n\t\t\t<a href=\"https:\/\/loca-jeux.fr\/wordpress\/ludique-et-pas-loin-fevrier-2016\/#respond\">Leave a comment<\/a>\t\t<\/span>\n\t\t\t<\/div>\n<\/div>\n<!-- \/\/ Post Wrap End -->\n\n<!-- NOTE: If you need to make changes to this file, copy it to your current theme's main\n\tdirectory so your changes won't be overwritten when the plugin is upgraded. -->\n\n<!-- Post Wrap Start-->\n<div class=\"post hentry ivycat-post\">\n\n\t<!-- \tThis outputs the post TITLE -->\n\t<h2 class=\"entry-title\"><a href=\"https:\/\/loca-jeux.fr\/wordpress\/ludique-et-pas-loin-janvier-2015\/\">Ludique et pas loin &#8211; janvier 2015<\/a><\/h2>\n\n\t<!-- \tThis outputs the post EXCERPT.  To display full content including images and html,\n\t\treplace the_excerpt(); with the_content();  below. -->\n\t<div class=\"entry-summary\">\n\t\t<p>Alors que ce passe-t-il prochainement dans la r\u00e9gion : Vendredi 15 Janvier : Soir\u00e9e jeux \u00e0 la ludoth\u00e8que de Rangueil Vendredi 15 Janvier : Soir\u00e9e prototypes \u00e0 la ludo rue Achiary Dimanche 16 Janvier : Soir\u00e9e jeu \u00e0 Aurignac Lundi 17 Janvier : Apr\u00e8s-midi jeux \u00e0 Colomiers avec Cit\u00e9-en-jeux Samedi\u2026<\/p>\n<p> <a class=\"continue-reading-link\" href=\"https:\/\/loca-jeux.fr\/wordpress\/ludique-et-pas-loin-janvier-2015\/\"><span>Continue reading<\/span><i class=\"crycon-right-dir\"><\/i><\/a> <\/p>\n\t<\/div>\n\n\t<!--\tThis outputs the post META information -->\n\t<div class=\"entry-utility\">\n\t\t\t\t\t<span class=\"cat-links\">\n\t\t\t\t<span class=\"entry-utility-prep entry-utility-prep-cat-links\">Posted in<\/span> <a href=\"https:\/\/loca-jeux.fr\/wordpress\/category\/non-classe\/\" rel=\"tag\">Non class\u00e9<\/a>\t\t\t<\/span>\n\t\t\t<span class=\"meta-sep\">|<\/span>\n\t\t\t\t\t\t<span class=\"comments-link\">\n\t\t\t<a href=\"https:\/\/loca-jeux.fr\/wordpress\/ludique-et-pas-loin-janvier-2015\/#respond\">Leave a comment<\/a>\t\t<\/span>\n\t\t\t<\/div>\n<\/div>\n<!-- \/\/ Post Wrap End -->\n\n<!-- NOTE: If you need to make changes to this file, copy it to your current theme's main\n\tdirectory so your changes won't be overwritten when the plugin is upgraded. -->\n\n<!-- Post Wrap Start-->\n<div class=\"post hentry ivycat-post\">\n\n\t<!-- \tThis outputs the post TITLE -->\n\t<h2 class=\"entry-title\"><a href=\"https:\/\/loca-jeux.fr\/wordpress\/ludique-annee-a-tous\/\">Ludique ann\u00e9e \u00e0 tous !<\/a><\/h2>\n\n\t<!-- \tThis outputs the post EXCERPT.  To display full content including images and html,\n\t\treplace the_excerpt(); with the_content();  below. -->\n\t<div class=\"entry-summary\">\n\t\t<p>Que l\u2019ann\u00e9e qui commence vous apporte plein de belles parties remplies de victoires h\u00e9ro\u00efques, de triomphes modestes et de revanches riches en \u00e9motions mais aussi de belles rencontres avec des joueurs et des nouveaux jeux.<\/p>\n<p> <a class=\"continue-reading-link\" href=\"https:\/\/loca-jeux.fr\/wordpress\/ludique-annee-a-tous\/\"><span>Continue reading<\/span><i class=\"crycon-right-dir\"><\/i><\/a> <\/p>\n\t<\/div>\n\n\t<!--\tThis outputs the post META information -->\n\t<div class=\"entry-utility\">\n\t\t\t\t\t<span class=\"cat-links\">\n\t\t\t\t<span class=\"entry-utility-prep entry-utility-prep-cat-links\">Posted in<\/span> <a href=\"https:\/\/loca-jeux.fr\/wordpress\/category\/non-classe\/\" rel=\"tag\">Non class\u00e9<\/a>\t\t\t<\/span>\n\t\t\t<span class=\"meta-sep\">|<\/span>\n\t\t\t\t\t\t<span class=\"comments-link\">\n\t\t\t<a href=\"https:\/\/loca-jeux.fr\/wordpress\/ludique-annee-a-tous\/#respond\">Leave a comment<\/a>\t\t<\/span>\n\t\t\t<\/div>\n<\/div>\n<!-- \/\/ Post Wrap End -->\n\n<!-- NOTE: If you need to make changes to this file, copy it to your current theme's main\n\tdirectory so your changes won't be overwritten when the plugin is upgraded. -->\n\n<!-- Post Wrap Start-->\n<div class=\"post hentry ivycat-post\">\n\n\t<!-- \tThis outputs the post TITLE -->\n\t<h2 class=\"entry-title\"><a href=\"https:\/\/loca-jeux.fr\/wordpress\/bonnes-fetes-a-tous\/\">Bonnes f\u00eates \u00e0 tous<\/a><\/h2>\n\n\t<!-- \tThis outputs the post EXCERPT.  To display full content including images and html,\n\t\treplace the_excerpt(); with the_content();  below. -->\n\t<div class=\"entry-summary\">\n\t\t<p>Toute l&rsquo;\u00e9quipe de Loca vous souhaite de tr\u00e8s bonnes f\u00eates de no\u00ebl, en esp\u00e9rant que le pied du sapin soit recouvert de jeux de soci\u00e9t\u00e9 pour petits et grands. N&rsquo;oubliez pas, les soir\u00e9es jeux du mardi continuent pendant les vacances. Alors rendez-vous mardi 29 \u00e0 20h rue des bleuets !!\u2026<\/p>\n<p> <a class=\"continue-reading-link\" href=\"https:\/\/loca-jeux.fr\/wordpress\/bonnes-fetes-a-tous\/\"><span>Continue reading<\/span><i class=\"crycon-right-dir\"><\/i><\/a> <\/p>\n\t<\/div>\n\n\t<!--\tThis outputs the post META information -->\n\t<div class=\"entry-utility\">\n\t\t\t\t\t<span class=\"cat-links\">\n\t\t\t\t<span class=\"entry-utility-prep entry-utility-prep-cat-links\">Posted in<\/span> <a href=\"https:\/\/loca-jeux.fr\/wordpress\/category\/vie-associative\/\" rel=\"tag\">Vie associative<\/a>\t\t\t<\/span>\n\t\t\t<span class=\"meta-sep\">|<\/span>\n\t\t\t\t\t\t<span class=\"comments-link\">\n\t\t\t<a href=\"https:\/\/loca-jeux.fr\/wordpress\/bonnes-fetes-a-tous\/#respond\">Leave a comment<\/a>\t\t<\/span>\n\t\t\t<\/div>\n<\/div>\n<!-- \/\/ Post Wrap End -->\n\n","protected":false},"excerpt":{"rendered":"<p>. Plu. Plus d&rsquo;actualit\u00e9s sur notre page Facebook :\u00a0https:\/\/www.facebook.com\/LOCA.blagnac\/ &nbsp;<\/p>\n<p> <a class=\"continue-reading-link\" href=\"https:\/\/loca-jeux.fr\/wordpress\/bonnes-fetes-a-tous\/\"><span>Continue reading<\/span><i class=\"crycon-right-dir\"><\/i><\/a> <\/p>\n","protected":false},"author":3,"featured_media":0,"parent":0,"menu_order":0,"comment_status":"open","ping_status":"open","template":"templates\/template-blog.php","meta":{"footnotes":""},"class_list":["post-62","page","type-page","status-publish","hentry"],"_links":{"self":[{"href":"https:\/\/loca-jeux.fr\/wordpress\/wp-json\/wp\/v2\/pages\/62","targetHints":{"allow":["GET"]}}],"collection":[{"href":"https:\/\/loca-jeux.fr\/wordpress\/wp-json\/wp\/v2\/pages"}],"about":[{"href":"https:\/\/loca-jeux.fr\/wordpress\/wp-json\/wp\/v2\/types\/page"}],"author":[{"embeddable":true,"href":"https:\/\/loca-jeux.fr\/wordpress\/wp-json\/wp\/v2\/users\/3"}],"replies":[{"embeddable":true,"href":"https:\/\/loca-jeux.fr\/wordpress\/wp-json\/wp\/v2\/comments?post=62"}],"version-history":[{"count":7,"href":"https:\/\/loca-jeux.fr\/wordpress\/wp-json\/wp\/v2\/pages\/62\/revisions"}],"predecessor-version":[{"id":283,"href":"https:\/\/loca-jeux.fr\/wordpress\/wp-json\/wp\/v2\/pages\/62\/revisions\/283"}],"wp:attachment":[{"href":"https:\/\/loca-jeux.fr\/wordpress\/wp-json\/wp\/v2\/media?parent=62"}],"curies":[{"name":"wp","href":"https:\/\/api.w.org\/{rel}","templated":true}]}}