{"id":269,"date":"2016-10-09T09:18:10","date_gmt":"2016-10-09T07:18:10","guid":{"rendered":"http:\/\/loca-jeux.fr\/wordpress\/?page_id=269"},"modified":"2025-02-18T16:31:06","modified_gmt":"2025-02-18T15:31:06","slug":"documents-de-communication","status":"publish","type":"page","link":"https:\/\/loca-jeux.fr\/wordpress\/ressources\/documents-de-communication\/","title":{"rendered":"Documents de Communication"},"content":{"rendered":"<table>\n<tbody>\n<tr>\n<td>\n<ul>\n<li>Affiche A3\n<ul>\n<li>Aper\u00e7u ci-contre<\/li>\n<li><a href=\"https:\/\/loca-jeux.fr\/wordpress\/wp-content\/uploads\/2016\/10\/Affiche_A3.pdf\">Haute Qualit\u00e9 pour impression (12 Mo)<\/a><\/li>\n<\/ul>\n<\/li>\n<\/ul>\n<ul>\n<li>Flyer A5:\n<ul>\n<li>Nouvelle version : <a href=\"https:\/\/loca-jeux.fr\/wordpress\/wp-content\/uploads\/2016\/10\/Flyer_v2_recto_draft5_HQ.pdf\">Recto<\/a> &amp; <a href=\"https:\/\/loca-jeux.fr\/wordpress\/wp-content\/uploads\/2016\/10\/Flyer_v2_verso_draft5_HQ.pdf\">Verso<\/a><\/li>\n<\/ul>\n<\/li>\n<\/ul>\n<p>&nbsp;<\/p>\n<ul>\n<li>Nouvelle version \u00e0 venir prochainement.<\/li>\n<\/ul>\n<\/td>\n<td>\n<p style=\"text-align: center;\"><img loading=\"lazy\" decoding=\"async\" class=\"alignright size-medium wp-image-272\" src=\"https:\/\/loca-jeux.fr\/wordpress\/wp-content\/uploads\/2016\/10\/Affiche_A3-212x300.png\" alt=\"Affiche A3\" width=\"212\" height=\"300\" srcset=\"https:\/\/loca-jeux.fr\/wordpress\/wp-content\/uploads\/2016\/10\/Affiche_A3-212x300.png 212w, https:\/\/loca-jeux.fr\/wordpress\/wp-content\/uploads\/2016\/10\/Affiche_A3-768x1085.png 768w, https:\/\/loca-jeux.fr\/wordpress\/wp-content\/uploads\/2016\/10\/Affiche_A3-725x1024.png 725w, https:\/\/loca-jeux.fr\/wordpress\/wp-content\/uploads\/2016\/10\/Affiche_A3-106x150.png 106w, https:\/\/loca-jeux.fr\/wordpress\/wp-content\/uploads\/2016\/10\/Affiche_A3.png 1194w\" sizes=\"auto, (max-width: 212px) 100vw, 212px\" \/><\/p>\n<\/td>\n<\/tr>\n<\/tbody>\n<\/table>\n","protected":false},"excerpt":{"rendered":"<p>Affiche A3 Aper\u00e7u ci-contre Haute Qualit\u00e9 pour impression (12 Mo) Flyer A5: Nouvelle version : Recto &amp; Verso &nbsp; Nouvelle version \u00e0 venir prochainement.<\/p>\n<p> <a class=\"continue-reading-link\" href=\"https:\/\/loca-jeux.fr\/wordpress\/ressources\/documents-de-communication\/\"><span>Continue reading<\/span><i class=\"crycon-right-dir\"><\/i><\/a> <\/p>\n","protected":false},"author":4,"featured_media":0,"parent":228,"menu_order":3,"comment_status":"closed","ping_status":"closed","template":"templates\/template-onecolumn.php","meta":{"footnotes":""},"class_list":["post-269","page","type-page","status-publish","hentry"],"_links":{"self":[{"href":"https:\/\/loca-jeux.fr\/wordpress\/wp-json\/wp\/v2\/pages\/269","targetHints":{"allow":["GET"]}}],"collection":[{"href":"https:\/\/loca-jeux.fr\/wordpress\/wp-json\/wp\/v2\/pages"}],"about":[{"href":"https:\/\/loca-jeux.fr\/wordpress\/wp-json\/wp\/v2\/types\/page"}],"author":[{"embeddable":true,"href":"https:\/\/loca-jeux.fr\/wordpress\/wp-json\/wp\/v2\/users\/4"}],"replies":[{"embeddable":true,"href":"https:\/\/loca-jeux.fr\/wordpress\/wp-json\/wp\/v2\/comments?post=269"}],"version-history":[{"count":3,"href":"https:\/\/loca-jeux.fr\/wordpress\/wp-json\/wp\/v2\/pages\/269\/revisions"}],"predecessor-version":[{"id":2349,"href":"https:\/\/loca-jeux.fr\/wordpress\/wp-json\/wp\/v2\/pages\/269\/revisions\/2349"}],"up":[{"embeddable":true,"href":"https:\/\/loca-jeux.fr\/wordpress\/wp-json\/wp\/v2\/pages\/228"}],"wp:attachment":[{"href":"https:\/\/loca-jeux.fr\/wordpress\/wp-json\/wp\/v2\/media?parent=269"}],"curies":[{"name":"wp","href":"https:\/\/api.w.org\/{rel}","templated":true}]}}