{"id":260,"date":"2016-03-14T13:51:50","date_gmt":"2016-03-14T12:51:50","guid":{"rendered":"http:\/\/loca-jeux.fr\/wordpress\/?page_id=260"},"modified":"2025-02-18T16:24:07","modified_gmt":"2025-02-18T15:24:07","slug":"le-whatsapp","status":"publish","type":"page","link":"https:\/\/loca-jeux.fr\/wordpress\/le-whatsapp\/","title":{"rendered":"Le whatsapp"},"content":{"rendered":"<p>Un groupe whatsapp existe pour parler de tout et parfois de rien mais souvent autour des jeux et de LOCA quand m\u00eame.<\/p>\n<p>Le lien d&rsquo;invitation sera envoy\u00e9 sur simple demande (en soir\u00e9e, par mail ou autre) pour \u00e9viter les robots spammeurs.<\/p>\n<p>NDLR : nous nous permettons d&rsquo;attirer votre attention sur l&rsquo;option \u00ab\u00a0Silence\u00a0\u00bb qui permet de <del>garder des points de sant\u00e9 mentale<\/del> ne pas \u00eatre emb\u00eat\u00e9 par les notifications lorsque certaines discussions, bien que tr\u00e8s int\u00e9ressantes, peuvent&#8230; attendre \ud83d\ude42<\/p>\n","protected":false},"excerpt":{"rendered":"<p>Un groupe whatsapp existe pour parler de tout et parfois de rien mais souvent autour des jeux et de LOCA quand m\u00eame. Le lien d&rsquo;invitation sera envoy\u00e9 sur simple demande (en soir\u00e9e, par mail ou autre) pour \u00e9viter les robots spammeurs. NDLR : nous nous permettons d&rsquo;attirer votre attention sur\u2026<\/p>\n<p> <a class=\"continue-reading-link\" href=\"https:\/\/loca-jeux.fr\/wordpress\/le-whatsapp\/\"><span>Continue reading<\/span><i class=\"crycon-right-dir\"><\/i><\/a> <\/p>\n","protected":false},"author":3,"featured_media":0,"parent":0,"menu_order":0,"comment_status":"closed","ping_status":"closed","template":"templates\/template-onecolumn.php","meta":{"footnotes":""},"class_list":["post-260","page","type-page","status-publish","hentry"],"_links":{"self":[{"href":"https:\/\/loca-jeux.fr\/wordpress\/wp-json\/wp\/v2\/pages\/260","targetHints":{"allow":["GET"]}}],"collection":[{"href":"https:\/\/loca-jeux.fr\/wordpress\/wp-json\/wp\/v2\/pages"}],"about":[{"href":"https:\/\/loca-jeux.fr\/wordpress\/wp-json\/wp\/v2\/types\/page"}],"author":[{"embeddable":true,"href":"https:\/\/loca-jeux.fr\/wordpress\/wp-json\/wp\/v2\/users\/3"}],"replies":[{"embeddable":true,"href":"https:\/\/loca-jeux.fr\/wordpress\/wp-json\/wp\/v2\/comments?post=260"}],"version-history":[{"count":13,"href":"https:\/\/loca-jeux.fr\/wordpress\/wp-json\/wp\/v2\/pages\/260\/revisions"}],"predecessor-version":[{"id":2348,"href":"https:\/\/loca-jeux.fr\/wordpress\/wp-json\/wp\/v2\/pages\/260\/revisions\/2348"}],"wp:attachment":[{"href":"https:\/\/loca-jeux.fr\/wordpress\/wp-json\/wp\/v2\/media?parent=260"}],"curies":[{"name":"wp","href":"https:\/\/api.w.org\/{rel}","templated":true}]}}