{"id":212,"date":"2016-01-22T21:04:37","date_gmt":"2016-01-22T20:04:37","guid":{"rendered":"http:\/\/loca-jeux.fr\/wordpress\/?page_id=212"},"modified":"2016-05-24T20:39:54","modified_gmt":"2016-05-24T18:39:54","slug":"les-associations-a-toulouse-et-autour","status":"publish","type":"page","link":"https:\/\/loca-jeux.fr\/wordpress\/les-associations-a-toulouse-et-autour\/","title":{"rendered":"Les associations \u00e0 Toulouse et autour"},"content":{"rendered":"<h2 style=\"text-align: center;\"><span style=\"color: #ff6600;\"><strong>Lundi<\/strong><\/span><\/h2>\n<table>\n<tbody>\n<tr>\n<th style=\"text-align: center;\">Associations<\/th>\n<th style=\"text-align: center;\">Fr\u00e9quence<\/th>\n<th style=\"text-align: center;\">Horaires<\/th>\n<th style=\"text-align: center;\">Lieux<\/th>\n<\/tr>\n<tr>\n<td style=\"text-align: left;\"><a href=\"http:\/\/citeenjeux.wikidot.com\/\" target=\"_blank\">Cit\u00e9 en jeux<\/a><\/td>\n<td>Toutes les semaines<\/td>\n<td>De 20h30 \u00e0 23h<\/td>\n<td>Maison de quartier de la Naspe, 1 all\u00e9e de Champagne \u00e0 Colomiers<\/td>\n<\/tr>\n<\/tbody>\n<\/table>\n<h2 style=\"text-align: center;\"><\/h2>\n<h2 style=\"text-align: center;\"><span style=\"color: #ff6600;\"><strong>Mardi<\/strong><\/span><\/h2>\n<table>\n<tbody>\n<tr>\n<th style=\"text-align: center;\">Associations<\/th>\n<th style=\"text-align: center;\">Fr\u00e9quence<\/th>\n<th style=\"text-align: center;\">Horaires<\/th>\n<th style=\"text-align: center;\">Lieux<\/th>\n<\/tr>\n<tr>\n<td style=\"text-align: left;\"><a href=\"http:\/\/toulouse.jeudego.org\/\" target=\"_blank\">Go Seigen<\/a><\/td>\n<td style=\"text-align: left;\">Toutes les semaines<\/td>\n<td style=\"text-align: left;\">A partir de 20h<\/td>\n<td style=\"text-align: left;\">Chabrot 9, rue Cujas Toulouse \u00e0\u00a0Toulouse<\/td>\n<\/tr>\n<tr>\n<td style=\"text-align: left;\"><a href=\"http:\/\/blog.akrojeux.net\/\" target=\"_blank\">Akrojeux<\/a><\/td>\n<td>Toutes les semaines<\/td>\n<td>De 20h \u00e0\u00a01h<\/td>\n<td>Consulter leur site pour conna\u00eetre les lieux de r\u00e9union \u00e0 Toulouse<\/td>\n<\/tr>\n<\/tbody>\n<\/table>\n<h2 style=\"text-align: center;\"><\/h2>\n<h2 style=\"text-align: center;\"><span style=\"color: #ff6600;\"><strong>Mercredi<\/strong><\/span><\/h2>\n<table>\n<tbody>\n<tr>\n<th style=\"text-align: center;\">Associations<\/th>\n<th style=\"text-align: center;\">Fr\u00e9quence<\/th>\n<th style=\"text-align: center;\">Horaires<\/th>\n<th style=\"text-align: center;\">Lieux<\/th>\n<\/tr>\n<tr>\n<td style=\"text-align: left;\"><a href=\"http:\/\/toulouse.carrom.net\/\" target=\"_blank\">Toulouse Corrom<\/a><\/td>\n<td style=\"text-align: left;\">Toutes les semaines<\/td>\n<td style=\"text-align: left;\">A partir de 20h<\/td>\n<td style=\"text-align: left;\">Maison de quartier de la Vache, rue Marguerite Duras \u00e0 Toulouse<\/td>\n<\/tr>\n<tr>\n<td style=\"text-align: left;\"><a href=\"http:\/\/www.terredejeu.fr\/\" target=\"_blank\">Terre de jeu<\/a><\/td>\n<td>Toutes les semaines<\/td>\n<td>De 20h \u00e0 minuit<\/td>\n<td>Maison des association d&rsquo;Arnaud 3 rue Escoussi\u00e8res Arnaud Bernard \u00e0 Toulouse<\/td>\n<\/tr>\n<tr>\n<td style=\"text-align: left;\"><a href=\"http:\/\/www.buena-partida-social-club.fr\/\" target=\"_blank\">Buena Partida Social Club<\/a><\/td>\n<td>Toutes les semaines<\/td>\n<td>De 20h \u00e0 minuit<\/td>\n<td>Villa des rosiers, 125 avenue Jean Rieux \u00e0 Toulouse<\/td>\n<\/tr>\n<tr>\n<td style=\"text-align: left;\"><a href=\"http:\/\/molkky-toulouse-club.e-monsite.com\/\" target=\"_blank\">M\u00f6lkky Toulouse Club<\/a><\/td>\n<td style=\"text-align: left;\">Toutes les semaines<\/td>\n<td style=\"text-align: left;\">A partir de 18h30<\/td>\n<td style=\"text-align: left;\">Boulodrome Carbonne, 8 rue des Gongous \u00e0 Toulouse<\/td>\n<\/tr>\n<\/tbody>\n<\/table>\n<p>&nbsp;<\/p>\n<h2 style=\"text-align: center;\"><span style=\"color: #ff6600;\"><strong>Jeudi<\/strong><\/span><\/h2>\n<table>\n<tbody>\n<tr>\n<th style=\"text-align: center;\">Associations<\/th>\n<th style=\"text-align: center;\">Fr\u00e9quence<\/th>\n<th style=\"text-align: center;\">Horaires<\/th>\n<th style=\"text-align: center;\">Lieux<\/th>\n<\/tr>\n<tr>\n<td style=\"text-align: left;\"><a href=\"http:\/\/www.joc-ere.org\/\" target=\"_blank\">Joc&rsquo;\u00e8re<\/a><\/td>\n<td>Toutes les semaines<\/td>\n<td>A partir de 20h<\/td>\n<td>Amicale la\u00efque \u00e0 Tournefeuille<\/td>\n<\/tr>\n<tr>\n<td style=\"text-align: left;\"><a href=\"http:\/\/www.ludo-lamarelle.fr\/\" target=\"_blank\">La Marelle<\/a><\/td>\n<td>Les jeudis paires<\/td>\n<td>A partir de 20h30<\/td>\n<td>Ludoth\u00e8que La Marelle, 12 rue de la Violette \u00e0 Albi<\/td>\n<\/tr>\n<\/tbody>\n<\/table>\n<p>&nbsp;<\/p>\n<h2 style=\"text-align: center;\"><span style=\"color: #ff6600;\"><strong>Vendredi<\/strong><\/span><\/h2>\n<table>\n<tbody>\n<tr>\n<th style=\"text-align: center;\">Associations<\/th>\n<th style=\"text-align: center;\">Fr\u00e9quence<\/th>\n<th style=\"text-align: center;\">Horaires<\/th>\n<th style=\"text-align: center;\">Lieux<\/th>\n<\/tr>\n<tr>\n<td style=\"text-align: left;\"><a href=\"http:\/\/www.communjeu.fr\" target=\"_blank\">Comme un Jeu<\/a><\/td>\n<td>1 vendredi sur 2<\/td>\n<td>A partir de 20h<\/td>\n<td>salle paroissiale, Boulevard Bertrand Adoue \u00e0 Aurignac<\/td>\n<\/tr>\n<tr>\n<td style=\"text-align: left;\"><a href=\"http:\/\/www.les-enfants-de-rlyeh.fr\/\" target=\"_blank\">Les enfants de R&rsquo;lyeh<\/a><\/td>\n<td>Toutes les semaines<\/td>\n<td>A partir de 21h<\/td>\n<td>Salle Layrac \u00e0 Blagnac<\/td>\n<\/tr>\n<tr>\n<td style=\"text-align: left;\"><a href=\"http:\/\/www.tasdebeauxjeux.fr\/\" target=\"_blank\">T&rsquo;as de beaux jeux<\/a><\/td>\n<td>1er et 3e vendredi<\/td>\n<td>A partir de 21h<\/td>\n<td>Ludoth\u00e8que de Grisolles<\/td>\n<\/tr>\n<tr>\n<td style=\"text-align: left;\"><a href=\"http:\/\/www.crjr.fr\/\" target=\"_blank\">CRJR<\/a><\/td>\n<td>Toutes les semaines<\/td>\n<td>A partir de 18h30<\/td>\n<td>4, rue Claude Chappe, Ramonville saint Agne<\/td>\n<\/tr>\n<tr>\n<td style=\"text-align: left;\"><a href=\"http:\/\/www.jeuxdetrolls.com\/\" target=\"_blank\">Jeux de Trolls<\/a><\/td>\n<td>Toutes les semaines (hors vacances)<\/td>\n<td>de 17h \u00e0 22h30<\/td>\n<td>Centre culturelle Bellegarde,\u00a07 rue Bellegarde, toulouse<\/td>\n<\/tr>\n<tr>\n<td style=\"text-align: left;\"><a href=\"http:\/\/desjeux.over-blog.net\/\" target=\"_blank\">Ludam Payst<\/a><\/td>\n<td>2e et 4e vendredi<\/td>\n<td>A partir de 20h30<\/td>\n<td>Montesquieu &#8211; Volvestre<\/td>\n<\/tr>\n<tr>\n<td style=\"text-align: left;\"><a href=\"http:\/\/echiquier-villeneuve-tolosane.github.io\/\" target=\"_blank\">L&rsquo;\u00e9chiquier de Villeneuve-Tolosane<\/a><\/td>\n<td>Toutes les semaines<\/td>\n<td>A partir de 20h45<\/td>\n<td>Foyer du 3e \u00e2ge, rue des esplanade \u00e0 Villeneuve-Tolosane<\/td>\n<\/tr>\n<tr>\n<td style=\"text-align: left;\"><a href=\"http:\/\/www.tousenjeu.com\/\" target=\"_blank\">Tous en jeu<\/a><\/td>\n<td>1 vendredi par mois<\/td>\n<td>A partir de 20h45<\/td>\n<td>salle polyvalente, impasse F. de Lesseps \u00e0 Toulouse<\/td>\n<\/tr>\n<tr>\n<td style=\"text-align: left;\"><a href=\"http:\/\/echiquier-villeneuve-tolosane.github.io\/\" target=\"_blank\">Accro du jeu tout le temps<\/a><\/td>\n<td>Tous les 15 jours<\/td>\n<td>De 19h \u00e0 22h<\/td>\n<td>5 Quai jaubert \u00e0 CONDOM<\/td>\n<\/tr>\n<tr>\n<td style=\"text-align: left;\"><a href=\"http:\/\/ludautan.free.fr\/\" target=\"_blank\">Lud-Autan<\/a><\/td>\n<td>1 vendredi par mois<\/td>\n<td>De 19h \u00e0 23h<\/td>\n<td>Salle de l&rsquo;\u00c2ge Heureux \u00e0 Ayguevices<\/td>\n<\/tr>\n<tr>\n<td style=\"text-align: left;\"><a href=\"http:\/\/www.ludimonde.fr\/\" target=\"_blank\">Ludi&rsquo;monde<\/a><\/td>\n<td>Toutes les semaines<\/td>\n<td>De 14h30 \u00e0 18h30<\/td>\n<td>9\u00a0 rue Giroussens \u00e0 Toulouse<\/td>\n<\/tr>\n<tr>\n<td style=\"text-align: left;\"><a href=\"http:\/\/www.ludo-lamarelle.fr\/\" target=\"_blank\">La Marelle<\/a><\/td>\n<td>Les vendredis pairs<\/td>\n<td>A partir de 20h30<\/td>\n<td>Ludoth\u00e8que La Marelle, 12 rue de la Violette \u00e0 Albi<\/td>\n<\/tr>\n<\/tbody>\n<\/table>\n<h2 style=\"text-align: center;\"><span style=\"color: #ff6600;\"><strong>Samedi<\/strong><\/span><\/h2>\n<table>\n<tbody>\n<tr>\n<th style=\"text-align: center;\">Associations<\/th>\n<th style=\"text-align: center;\">Fr\u00e9quence<\/th>\n<th style=\"text-align: center;\">Horaires<\/th>\n<th style=\"text-align: center;\">Lieux<\/th>\n<\/tr>\n<tr>\n<td style=\"text-align: left;\"><a href=\"http:\/\/damier31.free.fr\/\" target=\"_blank\">Club Damier Toulousain<\/a><\/td>\n<td>Toutes les semaines<\/td>\n<td>A partir de 15h<\/td>\n<td>Foyer des acacias, 20 rue de l&rsquo;Ob\u00e9lisque \u00e0 Toulouse<\/td>\n<\/tr>\n<tr>\n<td style=\"text-align: left;\"><a href=\"http:\/\/crjr.free.fr\/\">CRJR<\/a><\/td>\n<td>Toutes les semaines<\/td>\n<td>De 14h \u00e0 tard<\/td>\n<td>4, rue Claude Chappe, Ramonville saint Agne<\/td>\n<\/tr>\n<tr>\n<td style=\"text-align: left;\"><a href=\"http:\/\/www.ludo-lamarelle.fr\/\" target=\"_blank\">La Marelle<\/a><\/td>\n<td>Les samedis pairs<\/td>\n<td>A partir de 20h30<\/td>\n<td>Ludoth\u00e8que La Marelle, 12 rue de la Violette \u00e0 Albi<\/td>\n<\/tr>\n<\/tbody>\n<\/table>\n","protected":false},"excerpt":{"rendered":"<p>Lundi Associations Fr\u00e9quence Horaires Lieux Cit\u00e9 en jeux Toutes les semaines De 20h30 \u00e0 23h Maison de quartier de la Naspe, 1 all\u00e9e de Champagne \u00e0 Colomiers Mardi Associations Fr\u00e9quence Horaires Lieux Go Seigen Toutes les semaines A partir de 20h Chabrot 9, rue Cujas Toulouse \u00e0\u00a0Toulouse Akrojeux Toutes les\u2026<\/p>\n<p> <a class=\"continue-reading-link\" href=\"https:\/\/loca-jeux.fr\/wordpress\/les-associations-a-toulouse-et-autour\/\"><span>Continue reading<\/span><i class=\"crycon-right-dir\"><\/i><\/a> <\/p>\n","protected":false},"author":3,"featured_media":0,"parent":0,"menu_order":0,"comment_status":"closed","ping_status":"closed","template":"","meta":{"footnotes":""},"class_list":["post-212","page","type-page","status-publish","hentry"],"_links":{"self":[{"href":"https:\/\/loca-jeux.fr\/wordpress\/wp-json\/wp\/v2\/pages\/212","targetHints":{"allow":["GET"]}}],"collection":[{"href":"https:\/\/loca-jeux.fr\/wordpress\/wp-json\/wp\/v2\/pages"}],"about":[{"href":"https:\/\/loca-jeux.fr\/wordpress\/wp-json\/wp\/v2\/types\/page"}],"author":[{"embeddable":true,"href":"https:\/\/loca-jeux.fr\/wordpress\/wp-json\/wp\/v2\/users\/3"}],"replies":[{"embeddable":true,"href":"https:\/\/loca-jeux.fr\/wordpress\/wp-json\/wp\/v2\/comments?post=212"}],"version-history":[{"count":11,"href":"https:\/\/loca-jeux.fr\/wordpress\/wp-json\/wp\/v2\/pages\/212\/revisions"}],"predecessor-version":[{"id":266,"href":"https:\/\/loca-jeux.fr\/wordpress\/wp-json\/wp\/v2\/pages\/212\/revisions\/266"}],"wp:attachment":[{"href":"https:\/\/loca-jeux.fr\/wordpress\/wp-json\/wp\/v2\/media?parent=212"}],"curies":[{"name":"wp","href":"https:\/\/api.w.org\/{rel}","templated":true}]}}