{"id":21,"date":"2018-02-05T20:03:37","date_gmt":"2018-02-05T19:03:37","guid":{"rendered":"http:\/\/loca.toile-libre.org\/wordpress\/?page_id=21"},"modified":"2025-02-17T18:36:35","modified_gmt":"2025-02-17T17:36:35","slug":"accueil-2","status":"publish","type":"page","link":"https:\/\/loca-jeux.fr\/wordpress\/","title":{"rendered":"Accueil"},"content":{"rendered":"<table width=\"1200\">\n<tbody>\n<tr>\n<td colspan=\"2\">LOCA est une association de joueurs de jeux de soci\u00e9t\u00e9, bas\u00e9e \u00e0 Blagnac (31), qui a pour but de faire d\u00e9couvrir et de favoriser cette pratique, notamment par l&rsquo;organisation de soir\u00e9es jeux et d&rsquo;un festival.<\/td>\n<\/tr>\n<tr>\n<td width=\"50%\">\n<p style=\"text-align: center;\"><strong>Soir\u00e9e jeux tous les mardis et jeudis soirs<\/strong><br \/>\n(<a href=\"https:\/\/www.facebook.com\/LOCA.blagnac\">photos et plus d&rsquo;infos ici : <img loading=\"lazy\" decoding=\"async\" class=\"alignnone wp-image-353\" src=\"https:\/\/loca-jeux.fr\/wordpress\/wp-content\/uploads\/2018\/09\/Facebook_icon_2013.svg_-300x300.png\" alt=\"\" width=\"24\" height=\"24\" srcset=\"https:\/\/loca-jeux.fr\/wordpress\/wp-content\/uploads\/2018\/09\/Facebook_icon_2013.svg_-300x300.png 300w, https:\/\/loca-jeux.fr\/wordpress\/wp-content\/uploads\/2018\/09\/Facebook_icon_2013.svg_-150x150.png 150w, https:\/\/loca-jeux.fr\/wordpress\/wp-content\/uploads\/2018\/09\/Facebook_icon_2013.svg_-768x768.png 768w, https:\/\/loca-jeux.fr\/wordpress\/wp-content\/uploads\/2018\/09\/Facebook_icon_2013.svg_.png 1024w\" sizes=\"auto, (max-width: 24px) 100vw, 24px\" \/><\/a>)<\/p>\n<p style=\"text-align: center;\">Les soir\u00e9es se d\u00e9roulent tous les mardis et les jeudis \u00e0 partir de 20h , rue des Eglantines \u00e0 Blagnac, dans les b\u00e2timents en bois.<\/p>\n<p style=\"text-align: center;\"><a href=\"https:\/\/loca-jeux.fr\/wordpress\/wp-content\/uploads\/2015\/05\/Plan_2.png\"><img loading=\"lazy\" decoding=\"async\" class=\"size-medium wp-image-296 aligncenter\" src=\"https:\/\/loca-jeux.fr\/wordpress\/wp-content\/uploads\/2015\/05\/Plan_2-300x224.png\" alt=\"plan_2\" width=\"300\" height=\"224\" srcset=\"https:\/\/loca-jeux.fr\/wordpress\/wp-content\/uploads\/2015\/05\/Plan_2-300x224.png 300w, https:\/\/loca-jeux.fr\/wordpress\/wp-content\/uploads\/2015\/05\/Plan_2-768x573.png 768w, https:\/\/loca-jeux.fr\/wordpress\/wp-content\/uploads\/2015\/05\/Plan_2-1024x764.png 1024w, https:\/\/loca-jeux.fr\/wordpress\/wp-content\/uploads\/2015\/05\/Plan_2-201x150.png 201w, https:\/\/loca-jeux.fr\/wordpress\/wp-content\/uploads\/2015\/05\/Plan_2-150x112.png 150w, https:\/\/loca-jeux.fr\/wordpress\/wp-content\/uploads\/2015\/05\/Plan_2.png 1180w\" sizes=\"auto, (max-width: 300px) 100vw, 300px\" \/><\/a><span style=\"font-size: smaller;\">Coordonn\u00e9es GPS pr\u00e9cises : 43.639946, 1.386003<\/span><\/p>\n<p style=\"text-align: center;\">Curieux ? N&rsquo;h\u00e9sitez pas \u00e0 venir : l&rsquo;adh\u00e9sion n&rsquo;est pas n\u00e9cessaire pour la premi\u00e8re soir\u00e9e ! Puis 20\u20ac d&rsquo;adh\u00e9sion pour une ann\u00e9e (de date \u00e0 date).<\/p>\n<\/td>\n<td width=\"50%\">\n<p style=\"text-align: center;\"><strong>\u00a0Et un festival du jeu sur<\/strong><\/p>\n<p style=\"text-align: center;\"><strong>Blagnac en mars :<\/strong><\/p>\n<p><a href=\"http:\/\/blagnac-joue.loca-jeux.fr\"><img loading=\"lazy\" decoding=\"async\" class=\"size-medium wp-image-2319 aligncenter\" src=\"https:\/\/loca-jeux.fr\/wordpress\/wp-content\/uploads\/2023\/02\/logo_seul_bord_rouge-300x134.png\" alt=\"\" width=\"300\" height=\"134\" srcset=\"https:\/\/loca-jeux.fr\/wordpress\/wp-content\/uploads\/2023\/02\/logo_seul_bord_rouge-300x134.png 300w, https:\/\/loca-jeux.fr\/wordpress\/wp-content\/uploads\/2023\/02\/logo_seul_bord_rouge-1024x457.png 1024w, https:\/\/loca-jeux.fr\/wordpress\/wp-content\/uploads\/2023\/02\/logo_seul_bord_rouge-768x343.png 768w, https:\/\/loca-jeux.fr\/wordpress\/wp-content\/uploads\/2023\/02\/logo_seul_bord_rouge-1536x686.png 1536w, https:\/\/loca-jeux.fr\/wordpress\/wp-content\/uploads\/2023\/02\/logo_seul_bord_rouge-2048x915.png 2048w, https:\/\/loca-jeux.fr\/wordpress\/wp-content\/uploads\/2023\/02\/logo_seul_bord_rouge-150x67.png 150w\" sizes=\"auto, (max-width: 300px) 100vw, 300px\" \/><\/a><\/p>\n<p style=\"text-align: center;\">\u00a0<a href=\"http:\/\/blagnac-joue.loca-jeux.fr\">blagnac-joue.loca-jeux.fr<\/a><\/p>\n<p style=\"text-align: center;\">qui a aussi son <a href=\"https:\/\/www.facebook.com\/blagnacjoue\/\">facebook<\/a><\/p>\n<\/td>\n<\/tr>\n<\/tbody>\n<\/table>\n","protected":false},"excerpt":{"rendered":"<p>LOCA est une association de joueurs de jeux de soci\u00e9t\u00e9, bas\u00e9e \u00e0 Blagnac (31), qui a pour but de faire d\u00e9couvrir et de favoriser cette pratique, notamment par l&rsquo;organisation de soir\u00e9es jeux et d&rsquo;un festival. Soir\u00e9e jeux tous les mardis et jeudis soirs (photos et plus d&rsquo;infos ici : )\u2026<\/p>\n<p> <a class=\"continue-reading-link\" href=\"https:\/\/loca-jeux.fr\/wordpress\/\"><span>Continue reading<\/span><i class=\"crycon-right-dir\"><\/i><\/a> <\/p>\n","protected":false},"author":1,"featured_media":0,"parent":0,"menu_order":0,"comment_status":"closed","ping_status":"open","template":"templates\/template-onecolumn.php","meta":{"footnotes":""},"class_list":["post-21","page","type-page","status-publish","hentry"],"_links":{"self":[{"href":"https:\/\/loca-jeux.fr\/wordpress\/wp-json\/wp\/v2\/pages\/21","targetHints":{"allow":["GET"]}}],"collection":[{"href":"https:\/\/loca-jeux.fr\/wordpress\/wp-json\/wp\/v2\/pages"}],"about":[{"href":"https:\/\/loca-jeux.fr\/wordpress\/wp-json\/wp\/v2\/types\/page"}],"author":[{"embeddable":true,"href":"https:\/\/loca-jeux.fr\/wordpress\/wp-json\/wp\/v2\/users\/1"}],"replies":[{"embeddable":true,"href":"https:\/\/loca-jeux.fr\/wordpress\/wp-json\/wp\/v2\/comments?post=21"}],"version-history":[{"count":47,"href":"https:\/\/loca-jeux.fr\/wordpress\/wp-json\/wp\/v2\/pages\/21\/revisions"}],"predecessor-version":[{"id":2345,"href":"https:\/\/loca-jeux.fr\/wordpress\/wp-json\/wp\/v2\/pages\/21\/revisions\/2345"}],"wp:attachment":[{"href":"https:\/\/loca-jeux.fr\/wordpress\/wp-json\/wp\/v2\/media?parent=21"}],"curies":[{"name":"wp","href":"https:\/\/api.w.org\/{rel}","templated":true}]}}