{"id":18,"date":"2015-05-24T00:37:40","date_gmt":"2015-05-23T22:37:40","guid":{"rendered":"http:\/\/loca.toile-libre.org\/wordpress\/?page_id=18"},"modified":"2025-02-17T18:39:09","modified_gmt":"2025-02-17T17:39:09","slug":"documents","status":"publish","type":"page","link":"https:\/\/loca-jeux.fr\/wordpress\/documents\/","title":{"rendered":"Documents Officiels"},"content":{"rendered":"\n<p><a href=\"https:\/\/drive.google.com\/file\/d\/0B6C7AK81ZmtFbE9QU3JJQVAyb0k\/view?usp=drive_link&amp;resourcekey=0-q7c1mxb8DVcOE4umucd3pw\">Proc\u00e8s verbal AG constitutive LOCA<\/a><\/p>\n\n\n\n<p><a href=\"https:\/\/drive.google.com\/file\/d\/0B6C7AK81ZmtFdXRYMWhBR2QwQms\/view?usp=drive_link&amp;resourcekey=0-TlVSN7-eE_z6uflng0sDSg\">R\u00e9c\u00e9piss\u00e9 Cr\u00e9ation<\/a> <\/p>\n\n\n\n<p><a href=\"https:\/\/drive.google.com\/file\/d\/0B6C7AK81ZmtFUkNoYTZFRTNIQXc\/view?usp=drive_link&amp;resourcekey=0-Tv7iDIvvO6U1UAfXlibi4A\">R\u00e8glement int\u00e9rieur<\/a><\/p>\n\n\n\n<p><a href=\"https:\/\/drive.google.com\/file\/d\/0B6C7AK81ZmtFQ2JLMUpaXzJ0aUk\/view?usp=drive_link&amp;resourcekey=0-45JwVNLFI16XAQimoL3U0w\">Statuts<\/a><\/p>\n\n\n\n<p><\/p>\n\n\n\n<p>2023 : <a rel=\"noreferrer noopener\" href=\"https:\/\/drive.google.com\/file\/d\/1W7kNOEQ6f-UbXH8rOuW5l9ii7LdGdOh1\/view?usp=drive_link\" target=\"_blank\">Pr\u00e9sentation<\/a> et <a href=\"https:\/\/drive.google.com\/file\/d\/1xC_m5_P3obmcpdaqQWOQJwYNXyE-f9yM\/view?usp=drive_link\" target=\"_blank\" rel=\"noreferrer noopener\">Compte-rendu<\/a> de l&rsquo;AG<\/p>\n\n\n\n<p><\/p>\n\n\n\n<p><\/p>\n","protected":false},"excerpt":{"rendered":"<p>Proc\u00e8s verbal AG constitutive LOCA R\u00e9c\u00e9piss\u00e9 Cr\u00e9ation R\u00e8glement int\u00e9rieur Statuts 2023 : Pr\u00e9sentation et Compte-rendu de l&rsquo;AG<\/p>\n<p> <a class=\"continue-reading-link\" href=\"https:\/\/loca-jeux.fr\/wordpress\/documents\/\"><span>Continue reading<\/span><i class=\"crycon-right-dir\"><\/i><\/a> <\/p>\n","protected":false},"author":1,"featured_media":0,"parent":0,"menu_order":0,"comment_status":"closed","ping_status":"open","template":"templates\/template-onecolumn.php","meta":{"footnotes":""},"class_list":["post-18","page","type-page","status-publish","hentry"],"_links":{"self":[{"href":"https:\/\/loca-jeux.fr\/wordpress\/wp-json\/wp\/v2\/pages\/18","targetHints":{"allow":["GET"]}}],"collection":[{"href":"https:\/\/loca-jeux.fr\/wordpress\/wp-json\/wp\/v2\/pages"}],"about":[{"href":"https:\/\/loca-jeux.fr\/wordpress\/wp-json\/wp\/v2\/types\/page"}],"author":[{"embeddable":true,"href":"https:\/\/loca-jeux.fr\/wordpress\/wp-json\/wp\/v2\/users\/1"}],"replies":[{"embeddable":true,"href":"https:\/\/loca-jeux.fr\/wordpress\/wp-json\/wp\/v2\/comments?post=18"}],"version-history":[{"count":13,"href":"https:\/\/loca-jeux.fr\/wordpress\/wp-json\/wp\/v2\/pages\/18\/revisions"}],"predecessor-version":[{"id":2340,"href":"https:\/\/loca-jeux.fr\/wordpress\/wp-json\/wp\/v2\/pages\/18\/revisions\/2340"}],"wp:attachment":[{"href":"https:\/\/loca-jeux.fr\/wordpress\/wp-json\/wp\/v2\/media?parent=18"}],"curies":[{"name":"wp","href":"https:\/\/api.w.org\/{rel}","templated":true}]}}